{"id":14161,"date":"2024-10-15T06:49:35","date_gmt":"2024-10-15T06:49:35","guid":{"rendered":"http:\/\/fuyilepaper.com\/?post_type=product&#038;p=14161"},"modified":"2024-11-25T05:40:56","modified_gmt":"2024-11-25T05:40:56","slug":"aluminum-foil-drum","status":"publish","type":"product","link":"https:\/\/fuyilepaper.com\/fr\/product\/aluminum-foil-drum\/","title":{"rendered":"Tambour en feuille d'aluminium"},"content":{"rendered":"<h2><strong>Conception robuste qui retient la chaleur<\/strong><\/h2>\n<p>Le tambour en papier d'aluminium est con\u00e7u pour retenir efficacement la chaleur, ce qui le rend id\u00e9al pour maintenir au chaud de grandes quantit\u00e9s d'aliments pendant de longues p\u00e9riodes. Sa construction robuste garantit l'\u00e9tanch\u00e9it\u00e9 du tambour, qui peut contenir des liquides chauds, des sauces ou des aliments solides sans se renverser ni se briser.<\/p>\n<h2><strong>Alimentaire et recyclable<\/strong><\/h2>\n<p>Fabriqu\u00e9 \u00e0 partir d'une feuille d'aluminium de qualit\u00e9 alimentaire, ce f\u00fbt ne pr\u00e9sente aucun danger pour le contact direct avec les aliments et convient aussi bien aux produits chauds qu'aux produits froids. Enti\u00e8rement recyclable, il offre une alternative \u00e9cologique aux f\u00fbts en plastique traditionnels, ce qui le rend id\u00e9al pour les entreprises soucieuses du d\u00e9veloppement durable.<\/p>\n<h2><strong>Capacit\u00e9s personnalisables et OEM<\/strong><\/h2>\n<p>En tant que fabricant et fournisseur de confiance, nous proposons un marquage personnalis\u00e9 et des services OEM pour adapter le tambour en aluminium aux besoins sp\u00e9cifiques de votre entreprise. Ajoutez votre logo ou des \u00e9l\u00e9ments de conception pour cr\u00e9er une solution d'emballage professionnelle et de marque qui se d\u00e9marque.<\/p>","protected":false},"excerpt":{"rendered":"<p>Notre bo\u00eete \u00e0 lunch en papier kraft \u00e0 compartiments multiples est la solution \u00e9cologique par excellence pour les entreprises qui ont besoin d'emballer et de servir plusieurs aliments s\u00e9par\u00e9ment dans un seul contenant. Parfaite pour les services de pr\u00e9paration de repas, les restaurants et les entreprises de restauration, cette bo\u00eete est disponible pour les commandes en gros et en vrac, offrant une option d'emballage durable, pratique et \u00e9l\u00e9gante.<\/p>","protected":false},"featured_media":14988,"comment_status":"open","ping_status":"closed","template":"redux-templates_canvas","meta":[],"product_cat":[279,82],"product_tag":[],"class_list":{"0":"post-14161","1":"product","2":"type-product","3":"status-publish","4":"has-post-thumbnail","6":"product_cat-aluminum-foil-drum","7":"product_cat-pail","9":"first","10":"instock","11":"shipping-taxable","12":"purchasable","13":"product-type-variable"},"_links":{"self":[{"href":"https:\/\/fuyilepaper.com\/fr\/wp-json\/wp\/v2\/product\/14161","targetHints":{"allow":["GET"]}}],"collection":[{"href":"https:\/\/fuyilepaper.com\/fr\/wp-json\/wp\/v2\/product"}],"about":[{"href":"https:\/\/fuyilepaper.com\/fr\/wp-json\/wp\/v2\/types\/product"}],"replies":[{"embeddable":true,"href":"https:\/\/fuyilepaper.com\/fr\/wp-json\/wp\/v2\/comments?post=14161"}],"wp:featuredmedia":[{"embeddable":true,"href":"https:\/\/fuyilepaper.com\/fr\/wp-json\/wp\/v2\/media\/14988"}],"wp:attachment":[{"href":"https:\/\/fuyilepaper.com\/fr\/wp-json\/wp\/v2\/media?parent=14161"}],"wp:term":[{"taxonomy":"product_cat","embeddable":true,"href":"https:\/\/fuyilepaper.com\/fr\/wp-json\/wp\/v2\/product_cat?post=14161"},{"taxonomy":"product_tag","embeddable":true,"href":"https:\/\/fuyilepaper.com\/fr\/wp-json\/wp\/v2\/product_tag?post=14161"}],"curies":[{"name":"wp","href":"https:\/\/api.w.org\/{rel}","templated":true}]}}