{"id":14141,"date":"2024-10-15T06:23:32","date_gmt":"2024-10-15T06:23:32","guid":{"rendered":"http:\/\/fuyilepaper.com\/?post_type=product&#038;p=14141"},"modified":"2024-11-24T09:31:03","modified_gmt":"2024-11-24T09:31:03","slug":"ice-cream-scoop","status":"publish","type":"product","link":"https:\/\/fuyilepaper.com\/fr\/product\/ice-cream-scoop\/","title":{"rendered":"Cuill\u00e8re \u00e0 glace"},"content":{"rendered":"<h2>Sturdy and Ergonomic Design<\/h2>\n<p>The ice cream scoop features a sturdy, ergonomic handle designed for comfort and ease of use, even with hard, frozen ice cream. Its robust construction ensures it won\u2019t bend or break under pressure, making it perfect for high-volume service. The rounded scoop shape allows for easy portioning and creates perfectly shaped scoops of ice cream.<\/p>\n<h2>Food-Grade and Heat-Conductive<\/h2>\n<p>Made from food-grade materials, this scoop is safe for contact with frozen desserts. Certain models are also available with heat-conductive properties, helping the scoop glide through ice cream effortlessly, even when it&#8217;s frozen solid.<\/p>\n<h2>Personnalisable et OEM disponible<\/h2>\n<p>As a trusted manufacturer and supplier, we offer custom branding and OEM services to tailor the ice cream scoop to your business\u2019s needs. Add your logo or design to create a personalized utensil that reflects your brand while providing a practical, durable tool for your ice cream service.<\/p>","protected":false},"excerpt":{"rendered":"<p>Notre cuill\u00e8re \u00e0 cr\u00e8me glac\u00e9e est un outil durable et efficace con\u00e7u pour pr\u00e9lever et servir des portions parfaites de cr\u00e8me glac\u00e9e, de gelato et d'autres friandises glac\u00e9es. Id\u00e9ale pour les commandes en vrac et en gros, cette pelle est parfaite pour les glaciers, les caf\u00e9s, les restaurants et les services de restauration qui ont besoin d'un ustensile fiable et sans danger pour les aliments pour servir les desserts glac\u00e9s.<\/p>","protected":false},"featured_media":14958,"comment_status":"open","ping_status":"closed","template":"redux-templates_canvas","meta":[],"product_cat":[276,88,83,258],"product_tag":[],"class_list":{"0":"post-14141","1":"product","2":"type-product","3":"status-publish","4":"has-post-thumbnail","6":"product_cat-dessert-tool","7":"product_cat-dinnerware","8":"product_cat-snack-packaging","9":"product_cat-tableware-set","11":"first","12":"instock","13":"shipping-taxable","14":"purchasable","15":"product-type-simple"},"_links":{"self":[{"href":"https:\/\/fuyilepaper.com\/fr\/wp-json\/wp\/v2\/product\/14141","targetHints":{"allow":["GET"]}}],"collection":[{"href":"https:\/\/fuyilepaper.com\/fr\/wp-json\/wp\/v2\/product"}],"about":[{"href":"https:\/\/fuyilepaper.com\/fr\/wp-json\/wp\/v2\/types\/product"}],"replies":[{"embeddable":true,"href":"https:\/\/fuyilepaper.com\/fr\/wp-json\/wp\/v2\/comments?post=14141"}],"wp:featuredmedia":[{"embeddable":true,"href":"https:\/\/fuyilepaper.com\/fr\/wp-json\/wp\/v2\/media\/14958"}],"wp:attachment":[{"href":"https:\/\/fuyilepaper.com\/fr\/wp-json\/wp\/v2\/media?parent=14141"}],"wp:term":[{"taxonomy":"product_cat","embeddable":true,"href":"https:\/\/fuyilepaper.com\/fr\/wp-json\/wp\/v2\/product_cat?post=14141"},{"taxonomy":"product_tag","embeddable":true,"href":"https:\/\/fuyilepaper.com\/fr\/wp-json\/wp\/v2\/product_tag?post=14141"}],"curies":[{"name":"wp","href":"https:\/\/api.w.org\/{rel}","templated":true}]}}