{"id":13937,"date":"2024-10-13T10:43:20","date_gmt":"2024-10-13T10:43:20","guid":{"rendered":"http:\/\/fuyilepaper.com\/?post_type=product&#038;p=13937"},"modified":"2024-11-24T07:14:57","modified_gmt":"2024-11-24T07:14:57","slug":"lekopen-silver-square-box","status":"publish","type":"product","link":"https:\/\/fuyilepaper.com\/fr\/product\/lekopen-silver-square-box\/","title":{"rendered":"Bo\u00eete carr\u00e9e en argent Lekopen"},"content":{"rendered":"<h2>El\u00e9gant et durable<\/h2>\n<p>Avec sa finition argent\u00e9e polie, la bo\u00eete carr\u00e9e Lekopen conf\u00e8re un aspect raffin\u00e9 \u00e0 vos emballages. Sa construction robuste garantit l'\u00e9tanch\u00e9it\u00e9 et la durabilit\u00e9 de la bo\u00eete, ce qui la rend adapt\u00e9e \u00e0 divers produits, des produits alimentaires aux produits de luxe, et permet un stockage s\u00fbr et \u00e9l\u00e9gant.<\/p>\n<h2>De qualit\u00e9 alimentaire et polyvalent<\/h2>\n<p>Fabriqu\u00e9e \u00e0 partir de mat\u00e9riaux de qualit\u00e9 alimentaire, cette bo\u00eete est parfaite pour les repas chauds et froids. Sa conception r\u00e9sistante \u00e0 la chaleur et \u00e9tanche garantit la fra\u00eecheur et la s\u00e9curit\u00e9 du contenu, ce qui en fait un choix polyvalent pour les plats \u00e0 emporter, les livraisons ou les emballages de vente au d\u00e9tail.<\/p>\n<h2>Options personnalisables et OEM<\/h2>\n<p>En tant que fabricant et fournisseur de confiance, nous proposons un marquage personnalis\u00e9 et des options OEM pour personnaliser la bo\u00eete en fonction des besoins sp\u00e9cifiques de votre entreprise. Le design argent\u00e9 offre une esth\u00e9tique moderne et haut de gamme qui peut \u00eatre adapt\u00e9e \u00e0 votre logo et \u00e0 vos \u00e9l\u00e9ments de marque pour rehausser votre emballage.<\/p>","protected":false},"excerpt":{"rendered":"<p>La bo\u00eete carr\u00e9e Lekopen Silver est une solution d'emballage \u00e9l\u00e9gante et sophistiqu\u00e9e con\u00e7ue pour les entreprises qui appr\u00e9cient \u00e0 la fois le style et la fonctionnalit\u00e9. Id\u00e9ale pour les commandes en vrac et en gros, cette bo\u00eete est parfaite pour les services alimentaires, la vente au d\u00e9tail et les besoins d'emballage sp\u00e9ciaux. Son \u00e9l\u00e9gante finition argent\u00e9e lui conf\u00e8re une touche haut de gamme et lui permet de se d\u00e9marquer tout en offrant durabilit\u00e9 et praticit\u00e9.<\/p>","protected":false},"featured_media":14842,"comment_status":"open","ping_status":"closed","template":"redux-templates_canvas","meta":[],"product_cat":[79,85],"product_tag":[],"class_list":{"0":"post-13937","1":"product","2":"type-product","3":"status-publish","4":"has-post-thumbnail","6":"product_cat-plastic-square-box","7":"product_cat-square-box","9":"first","10":"instock","11":"shipping-taxable","12":"purchasable","13":"product-type-variable"},"_links":{"self":[{"href":"https:\/\/fuyilepaper.com\/fr\/wp-json\/wp\/v2\/product\/13937","targetHints":{"allow":["GET"]}}],"collection":[{"href":"https:\/\/fuyilepaper.com\/fr\/wp-json\/wp\/v2\/product"}],"about":[{"href":"https:\/\/fuyilepaper.com\/fr\/wp-json\/wp\/v2\/types\/product"}],"replies":[{"embeddable":true,"href":"https:\/\/fuyilepaper.com\/fr\/wp-json\/wp\/v2\/comments?post=13937"}],"wp:featuredmedia":[{"embeddable":true,"href":"https:\/\/fuyilepaper.com\/fr\/wp-json\/wp\/v2\/media\/14842"}],"wp:attachment":[{"href":"https:\/\/fuyilepaper.com\/fr\/wp-json\/wp\/v2\/media?parent=13937"}],"wp:term":[{"taxonomy":"product_cat","embeddable":true,"href":"https:\/\/fuyilepaper.com\/fr\/wp-json\/wp\/v2\/product_cat?post=13937"},{"taxonomy":"product_tag","embeddable":true,"href":"https:\/\/fuyilepaper.com\/fr\/wp-json\/wp\/v2\/product_tag?post=13937"}],"curies":[{"name":"wp","href":"https:\/\/api.w.org\/{rel}","templated":true}]}}