{"id":13920,"date":"2024-10-13T10:30:32","date_gmt":"2024-10-13T10:30:32","guid":{"rendered":"http:\/\/fuyilepaper.com\/?post_type=product&#038;p=13920"},"modified":"2024-11-24T07:09:16","modified_gmt":"2024-11-24T07:09:16","slug":"netflix-plastic-square-box","status":"publish","type":"product","link":"https:\/\/fuyilepaper.com\/fr\/product\/netflix-plastic-square-box\/","title":{"rendered":"Bo\u00eete carr\u00e9e en plastique Netflix"},"content":{"rendered":"<h2>Robuste et \u00e9tanche<\/h2>\n<p>Fabriqu\u00e9e en plastique de haute qualit\u00e9, cette bo\u00eete carr\u00e9e est s\u00fbre et \u00e9tanche. Que vous l'utilisiez pour des produits alimentaires, des articles promotionnels ou des cadeaux, sa construction solide et fiable garantit un stockage et un transport s\u00fbrs.<\/p>\n<h2>De qualit\u00e9 alimentaire et polyvalent<\/h2>\n<p>Fabriqu\u00e9e avec des mat\u00e9riaux de qualit\u00e9 alimentaire, cette bo\u00eete est parfaite pour les contenus chauds et froids. Sa conception durable lui permet d'\u00eatre utilis\u00e9e pour les repas, les en-cas ou les produits emball\u00e9s, offrant ainsi une grande polyvalence aux entreprises qui souhaitent proposer une option d'emballage haut de gamme.<\/p>\n<h2>Capacit\u00e9s personnalisables et OEM<\/h2>\n<p>En tant que fabricant et fournisseur de confiance, nous proposons un marquage personnalis\u00e9 et des services OEM, ce qui vous permet d'adapter la bo\u00eete aux besoins de votre entreprise. Incorporez le logo Netflix ou adaptez le design \u00e0 votre propre marque, pour une exp\u00e9rience de d\u00e9ballage \u00e9l\u00e9gante et m\u00e9morable.<\/p>","protected":false},"excerpt":{"rendered":"<p>Notre bo\u00eete carr\u00e9e en plastique Netflix est une solution d'emballage unique et durable, con\u00e7ue pour les entreprises qui cherchent \u00e0 fournir un contenant de qualit\u00e9 sup\u00e9rieure et \u00e9l\u00e9gant qui attire l'attention. Parfaite pour les commandes en gros et en masse, cette bo\u00eete est id\u00e9ale pour les services alimentaires, les kits promotionnels ou les besoins d'emballage sp\u00e9ciaux qui s'alignent sur l'esth\u00e9tique \u00e9pur\u00e9e et moderne de Netflix.<\/p>","protected":false},"featured_media":14828,"comment_status":"open","ping_status":"closed","template":"redux-templates_canvas","meta":[],"product_cat":[79,85],"product_tag":[],"class_list":{"0":"post-13920","1":"product","2":"type-product","3":"status-publish","4":"has-post-thumbnail","6":"product_cat-plastic-square-box","7":"product_cat-square-box","9":"first","10":"instock","11":"shipping-taxable","12":"purchasable","13":"product-type-variable"},"_links":{"self":[{"href":"https:\/\/fuyilepaper.com\/fr\/wp-json\/wp\/v2\/product\/13920","targetHints":{"allow":["GET"]}}],"collection":[{"href":"https:\/\/fuyilepaper.com\/fr\/wp-json\/wp\/v2\/product"}],"about":[{"href":"https:\/\/fuyilepaper.com\/fr\/wp-json\/wp\/v2\/types\/product"}],"replies":[{"embeddable":true,"href":"https:\/\/fuyilepaper.com\/fr\/wp-json\/wp\/v2\/comments?post=13920"}],"wp:featuredmedia":[{"embeddable":true,"href":"https:\/\/fuyilepaper.com\/fr\/wp-json\/wp\/v2\/media\/14828"}],"wp:attachment":[{"href":"https:\/\/fuyilepaper.com\/fr\/wp-json\/wp\/v2\/media?parent=13920"}],"wp:term":[{"taxonomy":"product_cat","embeddable":true,"href":"https:\/\/fuyilepaper.com\/fr\/wp-json\/wp\/v2\/product_cat?post=13920"},{"taxonomy":"product_tag","embeddable":true,"href":"https:\/\/fuyilepaper.com\/fr\/wp-json\/wp\/v2\/product_tag?post=13920"}],"curies":[{"name":"wp","href":"https:\/\/api.w.org\/{rel}","templated":true}]}}