{"id":13899,"date":"2024-10-13T10:12:01","date_gmt":"2024-10-13T10:12:01","guid":{"rendered":"http:\/\/fuyilepaper.com\/?post_type=product&#038;p=13899"},"modified":"2024-11-24T06:57:28","modified_gmt":"2024-11-24T06:57:28","slug":"locking-tub","status":"publish","type":"product","link":"https:\/\/fuyilepaper.com\/fr\/product\/locking-tub\/","title":{"rendered":"Tubes de verrouillage"},"content":{"rendered":"<h2>S\u00e9curis\u00e9 et \u00e9tanche<\/h2>\n<p>Le couvercle verrouillable assure une fermeture \u00e9tanche et s\u00fbre, \u00e9vitant les fuites ou les d\u00e9versements pendant le transport. Qu'elle soit utilis\u00e9e pour conserver des soupes, des sauces ou des aliments plus volumineux, la cuve verrouillable offre une grande tranquillit\u00e9 d'esprit, garantissant que le contenu reste s\u00fbr et intact.<\/p>\n<h2>De qualit\u00e9 alimentaire et polyvalent<\/h2>\n<p>Fabriqu\u00e9e \u00e0 partir de mat\u00e9riaux de qualit\u00e9 alimentaire, cette cuve verrouillable est id\u00e9ale pour les contenus chauds et froids. Sa conception robuste lui permet de r\u00e9sister \u00e0 des temp\u00e9ratures variables, ce qui la rend id\u00e9ale pour le transport de tout, des soupes et rago\u00fbts aux desserts surgel\u00e9s.<\/p>\n<h2>Personnalisable et OEM disponible<\/h2>\n<p>En tant que fabricant et fournisseur de confiance, nous proposons des services de marquage sur mesure et des services OEM afin de personnaliser la cuve verrouill\u00e9e en fonction des besoins de votre entreprise. La grande surface est parfaite pour afficher votre logo ou votre dessin, ce qui am\u00e9liore la visibilit\u00e9 de votre marque.<\/p>","protected":false},"excerpt":{"rendered":"<p>Notre bac verrouillable offre une solution s\u00fbre et durable aux entreprises qui ont besoin de stocker et de transporter de grandes quantit\u00e9s d'aliments ou d'autres produits en toute s\u00e9curit\u00e9. Id\u00e9ale pour les commandes en gros et en vrac, cette cuve est parfaite pour les restaurants, les services de restauration et les entreprises de livraison de nourriture qui recherchent un conteneur fiable, de qualit\u00e9 alimentaire, dot\u00e9 d'un m\u00e9canisme de fermeture \u00e9tanche pour \u00e9viter les fuites et les d\u00e9versements.<\/p>","protected":false},"featured_media":14810,"comment_status":"open","ping_status":"closed","template":"redux-templates_canvas","meta":[],"product_cat":[77,81],"product_tag":[],"class_list":{"0":"post-13899","1":"product","2":"type-product","3":"status-publish","4":"has-post-thumbnail","6":"product_cat-plastic-round-bowl","7":"product_cat-round-bowl","9":"first","10":"instock","11":"shipping-taxable","12":"purchasable","13":"product-type-variable"},"_links":{"self":[{"href":"https:\/\/fuyilepaper.com\/fr\/wp-json\/wp\/v2\/product\/13899","targetHints":{"allow":["GET"]}}],"collection":[{"href":"https:\/\/fuyilepaper.com\/fr\/wp-json\/wp\/v2\/product"}],"about":[{"href":"https:\/\/fuyilepaper.com\/fr\/wp-json\/wp\/v2\/types\/product"}],"replies":[{"embeddable":true,"href":"https:\/\/fuyilepaper.com\/fr\/wp-json\/wp\/v2\/comments?post=13899"}],"wp:featuredmedia":[{"embeddable":true,"href":"https:\/\/fuyilepaper.com\/fr\/wp-json\/wp\/v2\/media\/14810"}],"wp:attachment":[{"href":"https:\/\/fuyilepaper.com\/fr\/wp-json\/wp\/v2\/media?parent=13899"}],"wp:term":[{"taxonomy":"product_cat","embeddable":true,"href":"https:\/\/fuyilepaper.com\/fr\/wp-json\/wp\/v2\/product_cat?post=13899"},{"taxonomy":"product_tag","embeddable":true,"href":"https:\/\/fuyilepaper.com\/fr\/wp-json\/wp\/v2\/product_tag?post=13899"}],"curies":[{"name":"wp","href":"https:\/\/api.w.org\/{rel}","templated":true}]}}