{"id":13851,"date":"2024-10-13T09:39:01","date_gmt":"2024-10-13T09:39:01","guid":{"rendered":"http:\/\/fuyilepaper.com\/?post_type=product&#038;p=13851"},"modified":"2024-11-24T06:30:43","modified_gmt":"2024-11-24T06:30:43","slug":"higher-kraft-boxes","status":"publish","type":"product","link":"https:\/\/fuyilepaper.com\/fr\/product\/higher-kraft-boxes\/","title":{"rendered":"Bo\u00eetes kraft sup\u00e9rieures"},"content":{"rendered":"<h2>Respectueux de l'environnement et recyclable<\/h2>\n<p>Fabriqu\u00e9es en papier kraft recyclable, ces bo\u00eetes hautes constituent une solution respectueuse de l'environnement pour les entreprises. Leur conception durable permet de r\u00e9duire votre empreinte carbone sans compromettre la solidit\u00e9 ou la qualit\u00e9.<\/p>\n<h2>Qualit\u00e9 alimentaire et s\u00e9curit\u00e9<\/h2>\n<p>Fabriqu\u00e9es \u00e0 partir de mat\u00e9riaux de qualit\u00e9 alimentaire, ces bo\u00eetes plus hautes sont parfaites pour contenir des aliments plus volumineux ou superpos\u00e9s, en veillant \u00e0 ce qu'ils restent en s\u00e9curit\u00e9 et intacts. La construction robuste de ces bo\u00eetes leur permet de r\u00e9sister au transport et d'\u00e9viter les fuites ou les d\u00e9versements.<\/p>\n<h2>Options personnalisables et OEM<\/h2>\n<p>En tant que fabricant et fournisseur de confiance, nous offrons des services de marquage personnalis\u00e9 et d'OEM, ce qui vous permet d'adapter la hauteur, le design et le marquage de ces bo\u00eetes \u00e0 vos besoins sp\u00e9cifiques. Le design plus haut offre un espace suppl\u00e9mentaire pour mettre en valeur votre marque ou les caract\u00e9ristiques de votre produit.<\/p>","protected":false},"excerpt":{"rendered":"<p>Nos bo\u00eetes kraft sup\u00e9rieures sont con\u00e7ues pour les entreprises qui ont besoin de solutions d'emballage hautes, durables et respectueuses de l'environnement. Ces bo\u00eetes sont parfaites pour emballer des articles de grande taille ou empil\u00e9s, offrant \u00e0 la fois praticit\u00e9 et durabilit\u00e9. Id\u00e9ales pour les commandes en vrac et en gros, elles conviennent aux services alimentaires, \u00e0 l'emballage au d\u00e9tail et aux entreprises de restauration \u00e0 la recherche d'une option d'emballage sur\u00e9lev\u00e9e.<\/p>","protected":false},"featured_media":14769,"comment_status":"open","ping_status":"closed","template":"redux-templates_canvas","meta":[],"product_cat":[75,85],"product_tag":[],"class_list":{"0":"post-13851","1":"product","2":"type-product","3":"status-publish","4":"has-post-thumbnail","6":"product_cat-kraft-square-box","7":"product_cat-square-box","9":"first","10":"instock","11":"shipping-taxable","12":"purchasable","13":"product-type-variable"},"_links":{"self":[{"href":"https:\/\/fuyilepaper.com\/fr\/wp-json\/wp\/v2\/product\/13851","targetHints":{"allow":["GET"]}}],"collection":[{"href":"https:\/\/fuyilepaper.com\/fr\/wp-json\/wp\/v2\/product"}],"about":[{"href":"https:\/\/fuyilepaper.com\/fr\/wp-json\/wp\/v2\/types\/product"}],"replies":[{"embeddable":true,"href":"https:\/\/fuyilepaper.com\/fr\/wp-json\/wp\/v2\/comments?post=13851"}],"wp:featuredmedia":[{"embeddable":true,"href":"https:\/\/fuyilepaper.com\/fr\/wp-json\/wp\/v2\/media\/14769"}],"wp:attachment":[{"href":"https:\/\/fuyilepaper.com\/fr\/wp-json\/wp\/v2\/media?parent=13851"}],"wp:term":[{"taxonomy":"product_cat","embeddable":true,"href":"https:\/\/fuyilepaper.com\/fr\/wp-json\/wp\/v2\/product_cat?post=13851"},{"taxonomy":"product_tag","embeddable":true,"href":"https:\/\/fuyilepaper.com\/fr\/wp-json\/wp\/v2\/product_tag?post=13851"}],"curies":[{"name":"wp","href":"https:\/\/api.w.org\/{rel}","templated":true}]}}