{"id":13843,"date":"2024-10-13T09:35:22","date_gmt":"2024-10-13T09:35:22","guid":{"rendered":"http:\/\/fuyilepaper.com\/?post_type=product&#038;p=13843"},"modified":"2024-11-24T06:26:17","modified_gmt":"2024-11-24T06:26:17","slug":"kraft-box-with-bumps","status":"publish","type":"product","link":"https:\/\/fuyilepaper.com\/fr\/product\/kraft-box-with-bumps\/","title":{"rendered":"Bo\u00eete Kraft avec bosses"},"content":{"rendered":"<h2>Respectueux de l'environnement et recyclable<\/h2>\n<p>Fabriqu\u00e9e \u00e0 partir de papier kraft recyclable, cette bo\u00eete constitue une solution d'emballage durable pour les entreprises qui privil\u00e9gient les pratiques respectueuses de l'environnement. Les bosses textur\u00e9es ajoutent non seulement un \u00e9l\u00e9ment de design attrayant, mais renforcent \u00e9galement la durabilit\u00e9 de la bo\u00eete.<\/p>\n<h2>Qualit\u00e9 alimentaire et robustesse<\/h2>\n<p>Fabriqu\u00e9e \u00e0 partir de mat\u00e9riaux de qualit\u00e9 alimentaire, cette bo\u00eete kraft est id\u00e9ale pour l'emballage d'une grande vari\u00e9t\u00e9 d'articles, y compris les produits alimentaires et les marchandises de d\u00e9tail. La texture bossel\u00e9e unique ajoute une couche suppl\u00e9mentaire de solidit\u00e9 \u00e0 la bo\u00eete, garantissant que le contenu est bien prot\u00e9g\u00e9 pendant le transport ou l'exposition.<\/p>\n<h2>Personnalisable et OEM disponible<\/h2>\n<p>En tant que fabricant et fournisseur de premier plan, nous proposons des services de marquage sur mesure et des services OEM pour personnaliser la bo\u00eete en fonction des besoins de votre entreprise. Le design bossel\u00e9 distinctif peut \u00eatre adapt\u00e9 pour mettre en valeur l'emballage de votre marque et offrir une sensation de qualit\u00e9 sup\u00e9rieure.<\/p>","protected":false},"excerpt":{"rendered":"<p>Notre bo\u00eete Kraft avec bosses offre un design textur\u00e9 unique qui ajoute une touche de style et de qualit\u00e9 \u00e0 votre emballage, tout en restant \u00e9cologique et pratique. Parfaite pour les entreprises qui cherchent \u00e0 am\u00e9liorer l'esth\u00e9tique de leurs emballages, cette bo\u00eete est disponible pour les commandes en gros et en vrac, ce qui la rend id\u00e9ale pour la restauration, le commerce de d\u00e9tail et les emballages-cadeaux.<\/p>","protected":false},"featured_media":14763,"comment_status":"open","ping_status":"closed","template":"redux-templates_canvas","meta":[],"product_cat":[75,85],"product_tag":[],"class_list":{"0":"post-13843","1":"product","2":"type-product","3":"status-publish","4":"has-post-thumbnail","6":"product_cat-kraft-square-box","7":"product_cat-square-box","9":"first","10":"instock","11":"shipping-taxable","12":"purchasable","13":"product-type-variable"},"_links":{"self":[{"href":"https:\/\/fuyilepaper.com\/fr\/wp-json\/wp\/v2\/product\/13843","targetHints":{"allow":["GET"]}}],"collection":[{"href":"https:\/\/fuyilepaper.com\/fr\/wp-json\/wp\/v2\/product"}],"about":[{"href":"https:\/\/fuyilepaper.com\/fr\/wp-json\/wp\/v2\/types\/product"}],"replies":[{"embeddable":true,"href":"https:\/\/fuyilepaper.com\/fr\/wp-json\/wp\/v2\/comments?post=13843"}],"wp:featuredmedia":[{"embeddable":true,"href":"https:\/\/fuyilepaper.com\/fr\/wp-json\/wp\/v2\/media\/14763"}],"wp:attachment":[{"href":"https:\/\/fuyilepaper.com\/fr\/wp-json\/wp\/v2\/media?parent=13843"}],"wp:term":[{"taxonomy":"product_cat","embeddable":true,"href":"https:\/\/fuyilepaper.com\/fr\/wp-json\/wp\/v2\/product_cat?post=13843"},{"taxonomy":"product_tag","embeddable":true,"href":"https:\/\/fuyilepaper.com\/fr\/wp-json\/wp\/v2\/product_tag?post=13843"}],"curies":[{"name":"wp","href":"https:\/\/api.w.org\/{rel}","templated":true}]}}