{"id":13754,"date":"2024-10-13T08:36:45","date_gmt":"2024-10-13T08:36:45","guid":{"rendered":"http:\/\/fuyilepaper.com\/?post_type=product&#038;p=13754"},"modified":"2024-12-05T07:53:25","modified_gmt":"2024-12-05T07:53:25","slug":"drinking-cup-2","status":"publish","type":"product","link":"https:\/\/fuyilepaper.com\/fr\/product\/drinking-cup-2\/","title":{"rendered":"Tasse \u00e0 boire"},"content":{"rendered":"<h2>Respectueux de l'environnement et recyclable<\/h2>\n<p>Made from recyclable materials, the drinking cup is an environmentally conscious choice for businesses seeking to offer sustainable packaging solutions without compromising on quality.<\/p>\n<h2>Food-Grade and Temperature Resistant<\/h2>\n<p>Crafted from food-grade materials, this cup is designed to withstand a range of temperatures, making it suitable for both hot and cold drinks. Its sturdy construction ensures safe handling and a spill-resistant experience for customers.<\/p>\n<h2>Personnalisable et compatible avec les OEM<\/h2>\n<p>As a trusted manufacturer and supplier, we offer custom branding and OEM options to tailor the drinking cups to your specific needs. Enhance your brand\u2019s visibility with personalized designs that stand out.<\/p>","protected":false},"excerpt":{"rendered":"<p>Notre gobelet est une option polyvalente et \u00e9cologique pour servir des boissons chaudes ou froides. Id\u00e9al pour les commandes en gros et en masse, ce gobelet est parfait pour les caf\u00e9s, les restaurants, les services de restauration et les \u00e9v\u00e9nements, offrant une solution fiable et durable pour toute entreprise cherchant \u00e0 r\u00e9duire son impact sur l'environnement.<\/p>","protected":false},"featured_media":14699,"comment_status":"open","ping_status":"closed","template":"","meta":[],"product_cat":[84,294],"product_tag":[],"class_list":{"0":"post-13754","1":"product","2":"type-product","3":"status-publish","4":"has-post-thumbnail","6":"product_cat-cup","7":"product_cat-paper-cup","9":"first","10":"instock","11":"shipping-taxable","12":"purchasable","13":"product-type-variable"},"_links":{"self":[{"href":"https:\/\/fuyilepaper.com\/fr\/wp-json\/wp\/v2\/product\/13754","targetHints":{"allow":["GET"]}}],"collection":[{"href":"https:\/\/fuyilepaper.com\/fr\/wp-json\/wp\/v2\/product"}],"about":[{"href":"https:\/\/fuyilepaper.com\/fr\/wp-json\/wp\/v2\/types\/product"}],"replies":[{"embeddable":true,"href":"https:\/\/fuyilepaper.com\/fr\/wp-json\/wp\/v2\/comments?post=13754"}],"wp:featuredmedia":[{"embeddable":true,"href":"https:\/\/fuyilepaper.com\/fr\/wp-json\/wp\/v2\/media\/14699"}],"wp:attachment":[{"href":"https:\/\/fuyilepaper.com\/fr\/wp-json\/wp\/v2\/media?parent=13754"}],"wp:term":[{"taxonomy":"product_cat","embeddable":true,"href":"https:\/\/fuyilepaper.com\/fr\/wp-json\/wp\/v2\/product_cat?post=13754"},{"taxonomy":"product_tag","embeddable":true,"href":"https:\/\/fuyilepaper.com\/fr\/wp-json\/wp\/v2\/product_tag?post=13754"}],"curies":[{"name":"wp","href":"https:\/\/api.w.org\/{rel}","templated":true}]}}