{"id":13589,"date":"2024-10-13T07:56:58","date_gmt":"2024-10-13T07:56:58","guid":{"rendered":"http:\/\/fuyilepaper.com\/?post_type=product&#038;p=13589"},"modified":"2024-11-22T10:01:46","modified_gmt":"2024-11-22T10:01:46","slug":"gold-foil-paper-bowls-2","status":"publish","type":"product","link":"https:\/\/fuyilepaper.com\/fr\/product\/gold-foil-paper-bowls-2\/","title":{"rendered":"Bols en papier avec feuille d'or"},"content":{"rendered":"<h2>El\u00e9gant et \u00e9cologique<\/h2>\n<p>La feuille d'or ajoute une touche de sophistication tout en restant \u00e9cologique et recyclable, ce qui constitue une option durable pour les entreprises soucieuses de l'environnement.<\/p>\n<h2>S\u00e9curit\u00e9 alimentaire et durabilit\u00e9<\/h2>\n<p>Fabriqu\u00e9s avec des mat\u00e9riaux de qualit\u00e9 alimentaire, ces bols garantissent la s\u00e9curit\u00e9 de tous les types d'aliments, qu'il s'agisse de plats chauds ou de friandises froides. La construction durable emp\u00eache les fuites, ce qui permet de les utiliser en toute occasion.<\/p>\n<h2>Personnalisable et compatible avec les OEM<\/h2>\n<p>En tant que fabricant et fournisseur de premier plan, nous proposons des conceptions personnalis\u00e9es et des options OEM, ce qui vous permet de marquer ces bols en fonction des besoins de votre entreprise et des th\u00e8mes de votre \u00e9v\u00e9nement.<\/p>","protected":false},"excerpt":{"rendered":"<p>Notre bo\u00eete \u00e0 lunch en papier kraft \u00e0 compartiments multiples est la solution \u00e9cologique par excellence pour les entreprises qui ont besoin d'emballer et de servir plusieurs aliments s\u00e9par\u00e9ment dans un seul contenant. Parfaite pour les services de pr\u00e9paration de repas, les restaurants et les entreprises de restauration, cette bo\u00eete est disponible pour les commandes en gros et en vrac, offrant une option d'emballage durable, pratique et \u00e9l\u00e9gante.<\/p>","protected":false},"featured_media":14632,"comment_status":"open","ping_status":"closed","template":"redux-templates_canvas","meta":[],"product_cat":[64,81],"product_tag":[],"class_list":{"0":"post-13589","1":"product","2":"type-product","3":"status-publish","4":"has-post-thumbnail","6":"product_cat-food-grade-paper-bowl","7":"product_cat-round-bowl","9":"first","10":"instock","11":"shipping-taxable","12":"purchasable","13":"product-type-variable"},"_links":{"self":[{"href":"https:\/\/fuyilepaper.com\/fr\/wp-json\/wp\/v2\/product\/13589","targetHints":{"allow":["GET"]}}],"collection":[{"href":"https:\/\/fuyilepaper.com\/fr\/wp-json\/wp\/v2\/product"}],"about":[{"href":"https:\/\/fuyilepaper.com\/fr\/wp-json\/wp\/v2\/types\/product"}],"replies":[{"embeddable":true,"href":"https:\/\/fuyilepaper.com\/fr\/wp-json\/wp\/v2\/comments?post=13589"}],"wp:featuredmedia":[{"embeddable":true,"href":"https:\/\/fuyilepaper.com\/fr\/wp-json\/wp\/v2\/media\/14632"}],"wp:attachment":[{"href":"https:\/\/fuyilepaper.com\/fr\/wp-json\/wp\/v2\/media?parent=13589"}],"wp:term":[{"taxonomy":"product_cat","embeddable":true,"href":"https:\/\/fuyilepaper.com\/fr\/wp-json\/wp\/v2\/product_cat?post=13589"},{"taxonomy":"product_tag","embeddable":true,"href":"https:\/\/fuyilepaper.com\/fr\/wp-json\/wp\/v2\/product_tag?post=13589"}],"curies":[{"name":"wp","href":"https:\/\/api.w.org\/{rel}","templated":true}]}}