{"id":14161,"date":"2024-10-15T06:49:35","date_gmt":"2024-10-15T06:49:35","guid":{"rendered":"http:\/\/fuyilepaper.com\/?post_type=product&#038;p=14161"},"modified":"2024-11-25T05:40:56","modified_gmt":"2024-11-25T05:40:56","slug":"aluminum-foil-drum","status":"publish","type":"product","link":"https:\/\/fuyilepaper.com\/es\/product\/aluminum-foil-drum\/","title":{"rendered":"Bid\u00f3n de papel de aluminio"},"content":{"rendered":"<h2><strong>Dise\u00f1o resistente y que retiene el calor<\/strong><\/h2>\n<p>El tambor de papel de aluminio est\u00e1 fabricado para retener el calor eficazmente, por lo que es ideal para mantener calientes grandes vol\u00famenes de alimentos durante periodos prolongados. Su robusta construcci\u00f3n garantiza que el bid\u00f3n sea a prueba de fugas y pueda contener l\u00edquidos calientes, salsas o alimentos s\u00f3lidos sin derrames ni roturas.<\/p>\n<h2><strong>Grado alimentario y reciclable<\/strong><\/h2>\n<p>Fabricado con papel de aluminio de alta calidad apto para uso alimentario, este bid\u00f3n es seguro para el contacto directo con alimentos y es adecuado tanto para productos fr\u00edos como calientes. Es totalmente reciclable y ofrece una alternativa respetuosa con el medio ambiente a los bidones de pl\u00e1stico tradicionales, por lo que es perfecto para las empresas que apuestan por la sostenibilidad.<\/p>\n<h2><strong>Capacidades personalizables y OEM<\/strong><\/h2>\n<p>Como fabricante y proveedor de confianza, ofrecemos servicios de personalizaci\u00f3n de marca y OEM para adaptar el bid\u00f3n de papel de aluminio a las necesidades espec\u00edficas de su empresa. A\u00f1ada su logotipo o elementos de dise\u00f1o para crear una soluci\u00f3n de envasado profesional y de marca que destaque.<\/p>","protected":false},"excerpt":{"rendered":"<p>Nuestra fiambrera de papel kraft multicompartimento es la soluci\u00f3n ecol\u00f3gica definitiva para las empresas que necesitan envasar y servir varios alimentos por separado en un solo recipiente. Perfecta para servicios de preparaci\u00f3n de comidas, restaurantes y empresas de catering, esta caja est\u00e1 disponible para pedidos al por mayor y al por mayor, y ofrece una opci\u00f3n de envasado sostenible, pr\u00e1ctica y elegante.<\/p>","protected":false},"featured_media":14988,"comment_status":"open","ping_status":"closed","template":"redux-templates_canvas","meta":[],"product_cat":[279,82],"product_tag":[],"class_list":{"0":"post-14161","1":"product","2":"type-product","3":"status-publish","4":"has-post-thumbnail","6":"product_cat-aluminum-foil-drum","7":"product_cat-pail","9":"first","10":"instock","11":"shipping-taxable","12":"purchasable","13":"product-type-variable"},"_links":{"self":[{"href":"https:\/\/fuyilepaper.com\/es\/wp-json\/wp\/v2\/product\/14161","targetHints":{"allow":["GET"]}}],"collection":[{"href":"https:\/\/fuyilepaper.com\/es\/wp-json\/wp\/v2\/product"}],"about":[{"href":"https:\/\/fuyilepaper.com\/es\/wp-json\/wp\/v2\/types\/product"}],"replies":[{"embeddable":true,"href":"https:\/\/fuyilepaper.com\/es\/wp-json\/wp\/v2\/comments?post=14161"}],"wp:featuredmedia":[{"embeddable":true,"href":"https:\/\/fuyilepaper.com\/es\/wp-json\/wp\/v2\/media\/14988"}],"wp:attachment":[{"href":"https:\/\/fuyilepaper.com\/es\/wp-json\/wp\/v2\/media?parent=14161"}],"wp:term":[{"taxonomy":"product_cat","embeddable":true,"href":"https:\/\/fuyilepaper.com\/es\/wp-json\/wp\/v2\/product_cat?post=14161"},{"taxonomy":"product_tag","embeddable":true,"href":"https:\/\/fuyilepaper.com\/es\/wp-json\/wp\/v2\/product_tag?post=14161"}],"curies":[{"name":"wp","href":"https:\/\/api.w.org\/{rel}","templated":true}]}}