{"id":13937,"date":"2024-10-13T10:43:20","date_gmt":"2024-10-13T10:43:20","guid":{"rendered":"http:\/\/fuyilepaper.com\/?post_type=product&#038;p=13937"},"modified":"2024-11-24T07:14:57","modified_gmt":"2024-11-24T07:14:57","slug":"lekopen-silver-square-box","status":"publish","type":"product","link":"https:\/\/fuyilepaper.com\/es\/product\/lekopen-silver-square-box\/","title":{"rendered":"Lekopen Caja cuadrada de plata"},"content":{"rendered":"<h2>Elegante y duradero<\/h2>\n<p>Con su acabado en plata pulida, la caja cuadrada Lekopen aporta un aspecto refinado a sus envases. Su robusta construcci\u00f3n garantiza que la caja sea a prueba de fugas y duradera, por lo que es adecuada para diversos productos, desde alimentos hasta art\u00edculos de lujo, proporcionando un almacenamiento seguro y con estilo.<\/p>\n<h2>De calidad alimentaria y vers\u00e1til<\/h2>\n<p>Fabricada con materiales aptos para uso alimentario, esta caja es perfecta tanto para comidas fr\u00edas como calientes. Su dise\u00f1o resistente al calor y a prueba de fugas garantiza que el contenido se mantenga fresco y seguro, lo que la convierte en una opci\u00f3n vers\u00e1til para comida para llevar, reparto o envasado al por menor.<\/p>\n<h2>Opciones personalizables y OEM<\/h2>\n<p>Como fabricante y proveedor de confianza, ofrecemos opciones de personalizaci\u00f3n de marca y OEM para adaptar la caja a las necesidades espec\u00edficas de su empresa. El dise\u00f1o plateado ofrece una est\u00e9tica moderna y de alta gama que puede adaptarse con su logotipo y elementos de marca para elevar su envase.<\/p>","protected":false},"excerpt":{"rendered":"<p>La caja cuadrada plateada Lekopen es una soluci\u00f3n de envasado elegante y sofisticada dise\u00f1ada para empresas que valoran tanto el estilo como la funcionalidad. Ideal para pedidos al por mayor y al por mayor, esta caja es perfecta para servicios de alimentaci\u00f3n, venta al por menor y necesidades de envasado especiales. Su elegante acabado plateado le da un toque de calidad, haci\u00e9ndola destacar a la vez que ofrece durabilidad y practicidad.<\/p>","protected":false},"featured_media":14842,"comment_status":"open","ping_status":"closed","template":"redux-templates_canvas","meta":[],"product_cat":[79,85],"product_tag":[],"class_list":{"0":"post-13937","1":"product","2":"type-product","3":"status-publish","4":"has-post-thumbnail","6":"product_cat-plastic-square-box","7":"product_cat-square-box","9":"first","10":"instock","11":"shipping-taxable","12":"purchasable","13":"product-type-variable"},"_links":{"self":[{"href":"https:\/\/fuyilepaper.com\/es\/wp-json\/wp\/v2\/product\/13937","targetHints":{"allow":["GET"]}}],"collection":[{"href":"https:\/\/fuyilepaper.com\/es\/wp-json\/wp\/v2\/product"}],"about":[{"href":"https:\/\/fuyilepaper.com\/es\/wp-json\/wp\/v2\/types\/product"}],"replies":[{"embeddable":true,"href":"https:\/\/fuyilepaper.com\/es\/wp-json\/wp\/v2\/comments?post=13937"}],"wp:featuredmedia":[{"embeddable":true,"href":"https:\/\/fuyilepaper.com\/es\/wp-json\/wp\/v2\/media\/14842"}],"wp:attachment":[{"href":"https:\/\/fuyilepaper.com\/es\/wp-json\/wp\/v2\/media?parent=13937"}],"wp:term":[{"taxonomy":"product_cat","embeddable":true,"href":"https:\/\/fuyilepaper.com\/es\/wp-json\/wp\/v2\/product_cat?post=13937"},{"taxonomy":"product_tag","embeddable":true,"href":"https:\/\/fuyilepaper.com\/es\/wp-json\/wp\/v2\/product_tag?post=13937"}],"curies":[{"name":"wp","href":"https:\/\/api.w.org\/{rel}","templated":true}]}}