{"id":13920,"date":"2024-10-13T10:30:32","date_gmt":"2024-10-13T10:30:32","guid":{"rendered":"http:\/\/fuyilepaper.com\/?post_type=product&#038;p=13920"},"modified":"2024-11-24T07:09:16","modified_gmt":"2024-11-24T07:09:16","slug":"netflix-plastic-square-box","status":"publish","type":"product","link":"https:\/\/fuyilepaper.com\/es\/product\/netflix-plastic-square-box\/","title":{"rendered":"Caja cuadrada de pl\u00e1stico Netflix"},"content":{"rendered":"<h2>Resistente y a prueba de fugas<\/h2>\n<p>Fabricada en pl\u00e1stico de alta calidad, esta caja cuadrada garantiza una experiencia segura y a prueba de fugas. Tanto si la utiliza para alimentos, art\u00edculos promocionales o regalos, su construcci\u00f3n resistente y fiable garantiza un almacenamiento y transporte seguros.<\/p>\n<h2>De calidad alimentaria y vers\u00e1til<\/h2>\n<p>Fabricada con materiales aptos para uso alimentario, esta caja es perfecta tanto para contenidos fr\u00edos como calientes. Su dise\u00f1o duradero la hace adecuada para comidas, aperitivos o productos envasados, ofreciendo versatilidad a las empresas que buscan ofrecer una opci\u00f3n de envasado de primera calidad.<\/p>\n<h2>Capacidades personalizables y OEM<\/h2>\n<p>Como fabricante y proveedor de confianza, ofrecemos servicios de personalizaci\u00f3n de marca y OEM, lo que le permite adaptar la caja a las necesidades de su empresa. Incorpore el logotipo de Netflix o adapte el dise\u00f1o para que incluya su propia marca y ofrezca una experiencia de desembalaje elegante y memorable.<\/p>","protected":false},"excerpt":{"rendered":"<p>Nuestra caja cuadrada de pl\u00e1stico Netflix es una soluci\u00f3n de envasado \u00fanica y duradera, dise\u00f1ada para empresas que buscan ofrecer un envase de primera calidad y con estilo que capte la atenci\u00f3n. Perfecta para pedidos al por mayor y al por mayor, esta caja es ideal para el servicio de alimentos, kits promocionales o necesidades de embalaje especiales que se alinean con la est\u00e9tica elegante y moderna de Netflix.<\/p>","protected":false},"featured_media":14828,"comment_status":"open","ping_status":"closed","template":"redux-templates_canvas","meta":[],"product_cat":[79,85],"product_tag":[],"class_list":{"0":"post-13920","1":"product","2":"type-product","3":"status-publish","4":"has-post-thumbnail","6":"product_cat-plastic-square-box","7":"product_cat-square-box","9":"first","10":"instock","11":"shipping-taxable","12":"purchasable","13":"product-type-variable"},"_links":{"self":[{"href":"https:\/\/fuyilepaper.com\/es\/wp-json\/wp\/v2\/product\/13920","targetHints":{"allow":["GET"]}}],"collection":[{"href":"https:\/\/fuyilepaper.com\/es\/wp-json\/wp\/v2\/product"}],"about":[{"href":"https:\/\/fuyilepaper.com\/es\/wp-json\/wp\/v2\/types\/product"}],"replies":[{"embeddable":true,"href":"https:\/\/fuyilepaper.com\/es\/wp-json\/wp\/v2\/comments?post=13920"}],"wp:featuredmedia":[{"embeddable":true,"href":"https:\/\/fuyilepaper.com\/es\/wp-json\/wp\/v2\/media\/14828"}],"wp:attachment":[{"href":"https:\/\/fuyilepaper.com\/es\/wp-json\/wp\/v2\/media?parent=13920"}],"wp:term":[{"taxonomy":"product_cat","embeddable":true,"href":"https:\/\/fuyilepaper.com\/es\/wp-json\/wp\/v2\/product_cat?post=13920"},{"taxonomy":"product_tag","embeddable":true,"href":"https:\/\/fuyilepaper.com\/es\/wp-json\/wp\/v2\/product_tag?post=13920"}],"curies":[{"name":"wp","href":"https:\/\/api.w.org\/{rel}","templated":true}]}}