{"id":13904,"date":"2024-10-13T10:15:22","date_gmt":"2024-10-13T10:15:22","guid":{"rendered":"http:\/\/fuyilepaper.com\/?post_type=product&#038;p=13904"},"modified":"2024-12-05T07:45:55","modified_gmt":"2024-12-05T07:45:55","slug":"locking-lunch-box","status":"publish","type":"product","link":"https:\/\/fuyilepaper.com\/es\/product\/locking-lunch-box\/","title":{"rendered":"Fiambrera con cierre"},"content":{"rendered":"<h2>Seguro y a prueba de fugas<\/h2>\n<p>El mecanismo de cierre garantiza un cierre herm\u00e9tico, evitando fugas y derrames, por lo que es perfecto para sopas, ensaladas y comidas completas. Tanto si se transporta como si se guarda en el frigor\u00edfico, el cierre seguro garantiza que los alimentos permanezcan frescos e intactos, ofreciendo una experiencia sin complicaciones.<\/p>\n<h2>De calidad alimentaria y vers\u00e1til<\/h2>\n<p>Fabricada con materiales aptos para uso alimentario, esta fiambrera con cierre es adecuada tanto para platos fr\u00edos como calientes. Su construcci\u00f3n robusta y resistente al calor la hace ideal para una gran variedad de comidas, mientras que los compartimentos divididos ayudan a mantener separados y frescos los diferentes alimentos.<\/p>\n<h2>Opciones personalizables y OEM<\/h2>\n<p>Como fabricante y proveedor l\u00edder, ofrecemos servicios de personalizaci\u00f3n de marca y OEM para crear dise\u00f1os personalizados para su empresa. La fiambrera con cierre puede personalizarse con su logotipo, lo que la convierte en una gran herramienta de reconocimiento de marca.<\/p>","protected":false},"excerpt":{"rendered":"<p>Nuestra fiambrera con cierre ofrece una soluci\u00f3n segura, ecol\u00f3gica y pr\u00e1ctica para las empresas que necesitan envasar y servir comidas para llevar, entregar o preparar comidas. Dise\u00f1ada para pedidos al por mayor y al por mayor, esta fiambrera es ideal para restaurantes, servicios de catering y empresas de reparto de comida que necesiten un recipiente duradero y seguro para mantener las comidas frescas y seguras.<\/p>","protected":false},"featured_media":14821,"comment_status":"open","ping_status":"closed","template":"","meta":[],"product_cat":[86,292],"product_tag":[],"class_list":{"0":"post-13904","1":"product","2":"type-product","3":"status-publish","4":"has-post-thumbnail","6":"product_cat-compartmentalized-lunch-box","7":"product_cat-plastic-compartmentalized-lunch-box","9":"first","10":"instock","11":"shipping-taxable","12":"purchasable","13":"product-type-variable"},"_links":{"self":[{"href":"https:\/\/fuyilepaper.com\/es\/wp-json\/wp\/v2\/product\/13904","targetHints":{"allow":["GET"]}}],"collection":[{"href":"https:\/\/fuyilepaper.com\/es\/wp-json\/wp\/v2\/product"}],"about":[{"href":"https:\/\/fuyilepaper.com\/es\/wp-json\/wp\/v2\/types\/product"}],"replies":[{"embeddable":true,"href":"https:\/\/fuyilepaper.com\/es\/wp-json\/wp\/v2\/comments?post=13904"}],"wp:featuredmedia":[{"embeddable":true,"href":"https:\/\/fuyilepaper.com\/es\/wp-json\/wp\/v2\/media\/14821"}],"wp:attachment":[{"href":"https:\/\/fuyilepaper.com\/es\/wp-json\/wp\/v2\/media?parent=13904"}],"wp:term":[{"taxonomy":"product_cat","embeddable":true,"href":"https:\/\/fuyilepaper.com\/es\/wp-json\/wp\/v2\/product_cat?post=13904"},{"taxonomy":"product_tag","embeddable":true,"href":"https:\/\/fuyilepaper.com\/es\/wp-json\/wp\/v2\/product_tag?post=13904"}],"curies":[{"name":"wp","href":"https:\/\/api.w.org\/{rel}","templated":true}]}}