{"id":14161,"date":"2024-10-15T06:49:35","date_gmt":"2024-10-15T06:49:35","guid":{"rendered":"http:\/\/fuyilepaper.com\/?post_type=product&#038;p=14161"},"modified":"2024-11-25T05:40:56","modified_gmt":"2024-11-25T05:40:56","slug":"aluminum-foil-drum","status":"publish","type":"product","link":"https:\/\/fuyilepaper.com\/de\/product\/aluminum-foil-drum\/","title":{"rendered":"Aluminium-Folien-Trommel"},"content":{"rendered":"<h2><strong>W\u00e4rmespeichernde und robuste Konstruktion<\/strong><\/h2>\n<p>Die Alufolientrommel ist so konstruiert, dass sie die W\u00e4rme effektiv speichert und somit ideal ist, um gro\u00dfe Mengen an Speisen \u00fcber einen l\u00e4ngeren Zeitraum warm zu halten. Die robuste Konstruktion sorgt daf\u00fcr, dass das Fass auslaufsicher ist und hei\u00dfe Fl\u00fcssigkeiten, So\u00dfen oder feste Lebensmittel sicher aufbewahrt werden k\u00f6nnen, ohne dass etwas versch\u00fcttet wird oder bricht.<\/p>\n<h2><strong>Lebensmitteltauglich und wiederverwertbar<\/strong><\/h2>\n<p>Das aus hochwertiger lebensmittelechter Aluminiumfolie gefertigte Fass ist sicher f\u00fcr den direkten Kontakt mit Lebensmitteln und eignet sich sowohl f\u00fcr hei\u00dfe als auch f\u00fcr kalte Produkte. Es ist vollst\u00e4ndig recycelbar und bietet eine umweltfreundliche Alternative zu herk\u00f6mmlichen Kunststofff\u00e4ssern, was es perfekt f\u00fcr Unternehmen macht, die auf Nachhaltigkeit setzen.<\/p>\n<h2><strong>Anpassbar und OEM-F\u00e4higkeiten<\/strong><\/h2>\n<p>Als zuverl\u00e4ssiger Hersteller und Lieferant bieten wir kundenspezifisches Branding und OEM-Services an, um die Aluminiumfolientrommel an die spezifischen Anforderungen Ihres Unternehmens anzupassen. F\u00fcgen Sie Ihr Logo oder Designelemente hinzu, um eine professionelle und markengerechte Verpackungsl\u00f6sung zu schaffen, die sich abhebt.<\/p>","protected":false},"excerpt":{"rendered":"<p>Unsere Lunchbox aus Kraftpapier mit mehreren F\u00e4chern ist die ultimative umweltfreundliche L\u00f6sung f\u00fcr Unternehmen, die mehrere Lebensmittel separat in einem Beh\u00e4lter verpacken und servieren m\u00fcssen. Diese Box eignet sich perfekt f\u00fcr Essenszubereitungsdienste, Restaurants und Catering-Unternehmen. Sie ist f\u00fcr Gro\u00dfbestellungen und Gro\u00dfh\u00e4ndler erh\u00e4ltlich und bietet eine nachhaltige, praktische und stilvolle Verpackungsoption.<\/p>","protected":false},"featured_media":14988,"comment_status":"open","ping_status":"closed","template":"redux-templates_canvas","meta":[],"product_cat":[279,82],"product_tag":[],"class_list":{"0":"post-14161","1":"product","2":"type-product","3":"status-publish","4":"has-post-thumbnail","6":"product_cat-aluminum-foil-drum","7":"product_cat-pail","9":"first","10":"instock","11":"shipping-taxable","12":"purchasable","13":"product-type-variable"},"_links":{"self":[{"href":"https:\/\/fuyilepaper.com\/de\/wp-json\/wp\/v2\/product\/14161","targetHints":{"allow":["GET"]}}],"collection":[{"href":"https:\/\/fuyilepaper.com\/de\/wp-json\/wp\/v2\/product"}],"about":[{"href":"https:\/\/fuyilepaper.com\/de\/wp-json\/wp\/v2\/types\/product"}],"replies":[{"embeddable":true,"href":"https:\/\/fuyilepaper.com\/de\/wp-json\/wp\/v2\/comments?post=14161"}],"wp:featuredmedia":[{"embeddable":true,"href":"https:\/\/fuyilepaper.com\/de\/wp-json\/wp\/v2\/media\/14988"}],"wp:attachment":[{"href":"https:\/\/fuyilepaper.com\/de\/wp-json\/wp\/v2\/media?parent=14161"}],"wp:term":[{"taxonomy":"product_cat","embeddable":true,"href":"https:\/\/fuyilepaper.com\/de\/wp-json\/wp\/v2\/product_cat?post=14161"},{"taxonomy":"product_tag","embeddable":true,"href":"https:\/\/fuyilepaper.com\/de\/wp-json\/wp\/v2\/product_tag?post=14161"}],"curies":[{"name":"wp","href":"https:\/\/api.w.org\/{rel}","templated":true}]}}