{"id":13899,"date":"2024-10-13T10:12:01","date_gmt":"2024-10-13T10:12:01","guid":{"rendered":"http:\/\/fuyilepaper.com\/?post_type=product&#038;p=13899"},"modified":"2024-11-24T06:57:28","modified_gmt":"2024-11-24T06:57:28","slug":"locking-tub","status":"publish","type":"product","link":"https:\/\/fuyilepaper.com\/de\/product\/locking-tub\/","title":{"rendered":"Verschlie\u00dfbare Wanne"},"content":{"rendered":"<h2>Sicher und auslaufsicher<\/h2>\n<p>Der verschlie\u00dfbare Deckel sorgt f\u00fcr einen dichten und sicheren Verschluss, der ein Auslaufen oder Versch\u00fctten w\u00e4hrend des Transports verhindert. Ob f\u00fcr die Aufbewahrung von Suppen, So\u00dfen oder gr\u00f6\u00dferen Lebensmitteln, die verschlie\u00dfbare Wanne sorgt daf\u00fcr, dass der Inhalt sicher und unversehrt bleibt.<\/p>\n<h2>Lebensmittelgeeignet und vielseitig<\/h2>\n<p>Diese verschlie\u00dfbare Wanne aus lebensmittelechtem Material eignet sich sowohl f\u00fcr hei\u00dfe als auch f\u00fcr kalte Inhalte. Dank ihrer robusten Konstruktion h\u00e4lt sie unterschiedlichen Temperaturen stand und eignet sich daher perfekt f\u00fcr den Transport von Suppen und Eint\u00f6pfen bis hin zu gefrorenen Desserts.<\/p>\n<h2>Anpassbar und OEM verf\u00fcgbar<\/h2>\n<p>Als vertrauensw\u00fcrdiger Hersteller und Lieferant bieten wir kundenspezifisches Branding und OEM-Services an, um die Verriegelungswanne entsprechend Ihren gesch\u00e4ftlichen Anforderungen zu personalisieren. Die gro\u00dfe Oberfl\u00e4che eignet sich perfekt f\u00fcr die Darstellung Ihres Logos oder Designs und erh\u00f6ht die Sichtbarkeit Ihrer Marke.<\/p>","protected":false},"excerpt":{"rendered":"<p>Unsere verschlie\u00dfbare Wanne bietet eine sichere und dauerhafte L\u00f6sung f\u00fcr Unternehmen, die gr\u00f6\u00dfere Mengen an Lebensmitteln oder anderen Produkten sicher lagern und transportieren m\u00fcssen. Diese Wanne ist ideal f\u00fcr Gro\u00df- und Einzelhandelsbestellungen und eignet sich perfekt f\u00fcr Restaurants, Cateringservices und Lebensmittellieferanten, die einen zuverl\u00e4ssigen, lebensmittelechten Beh\u00e4lter mit einem Dichtungsmechanismus suchen, der Auslaufen und Versch\u00fctten verhindert.<\/p>","protected":false},"featured_media":14810,"comment_status":"open","ping_status":"closed","template":"redux-templates_canvas","meta":[],"product_cat":[77,81],"product_tag":[],"class_list":{"0":"post-13899","1":"product","2":"type-product","3":"status-publish","4":"has-post-thumbnail","6":"product_cat-plastic-round-bowl","7":"product_cat-round-bowl","9":"first","10":"instock","11":"shipping-taxable","12":"purchasable","13":"product-type-variable"},"_links":{"self":[{"href":"https:\/\/fuyilepaper.com\/de\/wp-json\/wp\/v2\/product\/13899","targetHints":{"allow":["GET"]}}],"collection":[{"href":"https:\/\/fuyilepaper.com\/de\/wp-json\/wp\/v2\/product"}],"about":[{"href":"https:\/\/fuyilepaper.com\/de\/wp-json\/wp\/v2\/types\/product"}],"replies":[{"embeddable":true,"href":"https:\/\/fuyilepaper.com\/de\/wp-json\/wp\/v2\/comments?post=13899"}],"wp:featuredmedia":[{"embeddable":true,"href":"https:\/\/fuyilepaper.com\/de\/wp-json\/wp\/v2\/media\/14810"}],"wp:attachment":[{"href":"https:\/\/fuyilepaper.com\/de\/wp-json\/wp\/v2\/media?parent=13899"}],"wp:term":[{"taxonomy":"product_cat","embeddable":true,"href":"https:\/\/fuyilepaper.com\/de\/wp-json\/wp\/v2\/product_cat?post=13899"},{"taxonomy":"product_tag","embeddable":true,"href":"https:\/\/fuyilepaper.com\/de\/wp-json\/wp\/v2\/product_tag?post=13899"}],"curies":[{"name":"wp","href":"https:\/\/api.w.org\/{rel}","templated":true}]}}