{"id":13851,"date":"2024-10-13T09:39:01","date_gmt":"2024-10-13T09:39:01","guid":{"rendered":"http:\/\/fuyilepaper.com\/?post_type=product&#038;p=13851"},"modified":"2024-11-24T06:30:43","modified_gmt":"2024-11-24T06:30:43","slug":"higher-kraft-boxes","status":"publish","type":"product","link":"https:\/\/fuyilepaper.com\/de\/product\/higher-kraft-boxes\/","title":{"rendered":"H\u00f6here Kraftboxen"},"content":{"rendered":"<h2>Umweltfreundlich und recycelbar<\/h2>\n<p>Diese hohen Boxen aus recycelbarem Kraftpapier sind eine umweltfreundliche L\u00f6sung f\u00fcr Unternehmen. Ihr nachhaltiges Design tr\u00e4gt dazu bei, Ihren \u00f6kologischen Fu\u00dfabdruck zu verringern, ohne Kompromisse bei St\u00e4rke oder Qualit\u00e4t einzugehen.<\/p>\n<h2>Lebensmittelgeeignet und sicher<\/h2>\n<p>Die aus lebensmittelechten Materialien gefertigten Boxen eignen sich aufgrund ihrer H\u00f6he perfekt f\u00fcr gr\u00f6\u00dfere oder geschichtete Lebensmittel und gew\u00e4hrleisten, dass diese sicher und unversehrt bleiben. Die robuste Konstruktion sorgt daf\u00fcr, dass die Boxen dem Transport standhalten und nicht auslaufen oder versch\u00fcttet werden.<\/p>\n<h2>Anpassbare und OEM-Optionen<\/h2>\n<p>Als vertrauensw\u00fcrdiger Hersteller und Lieferant bieten wir kundenspezifische Branding- und OEM-Dienstleistungen an, die es Ihnen erm\u00f6glichen, die H\u00f6he, das Design und das Branding dieser Boxen an Ihre spezifischen Bed\u00fcrfnisse anzupassen. Das h\u00f6here Design bietet zus\u00e4tzlichen Platz f\u00fcr die Pr\u00e4sentation Ihrer Marke oder Produktmerkmale.<\/p>","protected":false},"excerpt":{"rendered":"<p>Unsere h\u00f6heren Kraftkartons sind f\u00fcr Unternehmen gedacht, die hohe, haltbare und umweltfreundliche Verpackungsl\u00f6sungen ben\u00f6tigen. Diese Kartons sind perfekt f\u00fcr die Verpackung gro\u00dfer oder gestapelter Artikel und bieten sowohl Praktikabilit\u00e4t als auch Nachhaltigkeit. Sie sind ideal f\u00fcr Gro\u00df- und Einzelhandelsbestellungen und eignen sich f\u00fcr Lebensmitteldienstleister, Einzelhandelsverpackungen und Catering-Unternehmen, die nach einer h\u00f6heren Verpackungsoption suchen.<\/p>","protected":false},"featured_media":14769,"comment_status":"open","ping_status":"closed","template":"redux-templates_canvas","meta":[],"product_cat":[75,85],"product_tag":[],"class_list":{"0":"post-13851","1":"product","2":"type-product","3":"status-publish","4":"has-post-thumbnail","6":"product_cat-kraft-square-box","7":"product_cat-square-box","9":"first","10":"instock","11":"shipping-taxable","12":"purchasable","13":"product-type-variable"},"_links":{"self":[{"href":"https:\/\/fuyilepaper.com\/de\/wp-json\/wp\/v2\/product\/13851","targetHints":{"allow":["GET"]}}],"collection":[{"href":"https:\/\/fuyilepaper.com\/de\/wp-json\/wp\/v2\/product"}],"about":[{"href":"https:\/\/fuyilepaper.com\/de\/wp-json\/wp\/v2\/types\/product"}],"replies":[{"embeddable":true,"href":"https:\/\/fuyilepaper.com\/de\/wp-json\/wp\/v2\/comments?post=13851"}],"wp:featuredmedia":[{"embeddable":true,"href":"https:\/\/fuyilepaper.com\/de\/wp-json\/wp\/v2\/media\/14769"}],"wp:attachment":[{"href":"https:\/\/fuyilepaper.com\/de\/wp-json\/wp\/v2\/media?parent=13851"}],"wp:term":[{"taxonomy":"product_cat","embeddable":true,"href":"https:\/\/fuyilepaper.com\/de\/wp-json\/wp\/v2\/product_cat?post=13851"},{"taxonomy":"product_tag","embeddable":true,"href":"https:\/\/fuyilepaper.com\/de\/wp-json\/wp\/v2\/product_tag?post=13851"}],"curies":[{"name":"wp","href":"https:\/\/api.w.org\/{rel}","templated":true}]}}